{"id":13,"date":"2023-10-30T10:38:29","date_gmt":"2023-10-30T09:38:29","guid":{"rendered":"https:\/\/domedelaviere.com\/?page_id=13"},"modified":"2023-10-30T10:38:30","modified_gmt":"2023-10-30T09:38:30","slug":"page1-2","status":"publish","type":"page","link":"https:\/\/domedelaviere.com\/index.php\/page1-2\/","title":{"rendered":"Page1"},"content":{"rendered":"","protected":false},"excerpt":{"rendered":"","protected":false},"author":1,"featured_media":0,"parent":0,"menu_order":0,"comment_status":"closed","ping_status":"closed","template":"","meta":{"footnotes":""},"class_list":["post-13","page","type-page","status-publish","hentry"],"yoast_head":"<!-- This site is optimized with the Yoast SEO plugin v27.4 - https:\/\/yoast.com\/product\/yoast-seo-wordpress\/ -->\n<title>Page1 - Domaine de la Vi\u00e8re<\/title>\n<meta name=\"robots\" content=\"index, follow, max-snippet:-1, max-image-preview:large, max-video-preview:-1\" \/>\n<link rel=\"canonical\" href=\"https:\/\/domedelaviere.com\/index.php\/page1-2\/\" \/>\n<meta property=\"og:locale\" content=\"fr_FR\" \/>\n<meta property=\"og:type\" content=\"article\" \/>\n<meta property=\"og:title\" content=\"Page1 - Domaine de la Vi\u00e8re\" \/>\n<meta property=\"og:url\" content=\"https:\/\/domedelaviere.com\/index.php\/page1-2\/\" \/>\n<meta property=\"og:site_name\" content=\"Domaine de la Vi\u00e8re\" \/>\n<meta property=\"article:modified_time\" content=\"2023-10-30T09:38:30+00:00\" \/>\n<meta name=\"twitter:card\" content=\"summary_large_image\" \/>\n<script type=\"application\/ld+json\" class=\"yoast-schema-graph\">{\"@context\":\"https:\\\/\\\/schema.org\",\"@graph\":[{\"@type\":\"WebPage\",\"@id\":\"https:\\\/\\\/domedelaviere.com\\\/index.php\\\/page1-2\\\/\",\"url\":\"https:\\\/\\\/domedelaviere.com\\\/index.php\\\/page1-2\\\/\",\"name\":\"Page1 - Domaine de la Vi\u00e8re\",\"isPartOf\":{\"@id\":\"https:\\\/\\\/domedelaviere.com\\\/#website\"},\"datePublished\":\"2023-10-30T09:38:29+00:00\",\"dateModified\":\"2023-10-30T09:38:30+00:00\",\"breadcrumb\":{\"@id\":\"https:\\\/\\\/domedelaviere.com\\\/index.php\\\/page1-2\\\/#breadcrumb\"},\"inLanguage\":\"fr-FR\",\"potentialAction\":[{\"@type\":\"ReadAction\",\"target\":[\"https:\\\/\\\/domedelaviere.com\\\/index.php\\\/page1-2\\\/\"]}]},{\"@type\":\"BreadcrumbList\",\"@id\":\"https:\\\/\\\/domedelaviere.com\\\/index.php\\\/page1-2\\\/#breadcrumb\",\"itemListElement\":[{\"@type\":\"ListItem\",\"position\":1,\"name\":\"Accueil\",\"item\":\"https:\\\/\\\/domedelaviere.com\\\/\"},{\"@type\":\"ListItem\",\"position\":2,\"name\":\"Page1\"}]},{\"@type\":\"WebSite\",\"@id\":\"https:\\\/\\\/domedelaviere.com\\\/#website\",\"url\":\"https:\\\/\\\/domedelaviere.com\\\/\",\"name\":\"Domaine de la Vi\u00e8re\",\"description\":\"Domaine \u00e0 Saint-Thib\u00e9ry\",\"publisher\":{\"@id\":\"https:\\\/\\\/domedelaviere.com\\\/#organization\"},\"potentialAction\":[{\"@type\":\"SearchAction\",\"target\":{\"@type\":\"EntryPoint\",\"urlTemplate\":\"https:\\\/\\\/domedelaviere.com\\\/?s={search_term_string}\"},\"query-input\":{\"@type\":\"PropertyValueSpecification\",\"valueRequired\":true,\"valueName\":\"search_term_string\"}}],\"inLanguage\":\"fr-FR\"},{\"@type\":\"Organization\",\"@id\":\"https:\\\/\\\/domedelaviere.com\\\/#organization\",\"name\":\"Domaine de la Vi\u00e8re\",\"url\":\"https:\\\/\\\/domedelaviere.com\\\/\",\"logo\":{\"@type\":\"ImageObject\",\"inLanguage\":\"fr-FR\",\"@id\":\"https:\\\/\\\/domedelaviere.com\\\/#\\\/schema\\\/logo\\\/image\\\/\",\"url\":\"https:\\\/\\\/domedelaviere.com\\\/wp-content\\\/uploads\\\/2023\\\/11\\\/cropped-cropped-logo-resize-2.png\",\"contentUrl\":\"https:\\\/\\\/domedelaviere.com\\\/wp-content\\\/uploads\\\/2023\\\/11\\\/cropped-cropped-logo-resize-2.png\",\"width\":300,\"height\":219,\"caption\":\"Domaine de la Vi\u00e8re\"},\"image\":{\"@id\":\"https:\\\/\\\/domedelaviere.com\\\/#\\\/schema\\\/logo\\\/image\\\/\"}}]}<\/script>\n<!-- \/ Yoast SEO plugin. -->","yoast_head_json":{"title":"Page1 - Domaine de la Vi\u00e8re","robots":{"index":"index","follow":"follow","max-snippet":"max-snippet:-1","max-image-preview":"max-image-preview:large","max-video-preview":"max-video-preview:-1"},"canonical":"https:\/\/domedelaviere.com\/index.php\/page1-2\/","og_locale":"fr_FR","og_type":"article","og_title":"Page1 - Domaine de la Vi\u00e8re","og_url":"https:\/\/domedelaviere.com\/index.php\/page1-2\/","og_site_name":"Domaine de la Vi\u00e8re","article_modified_time":"2023-10-30T09:38:30+00:00","twitter_card":"summary_large_image","schema":{"@context":"https:\/\/schema.org","@graph":[{"@type":"WebPage","@id":"https:\/\/domedelaviere.com\/index.php\/page1-2\/","url":"https:\/\/domedelaviere.com\/index.php\/page1-2\/","name":"Page1 - Domaine de la Vi\u00e8re","isPartOf":{"@id":"https:\/\/domedelaviere.com\/#website"},"datePublished":"2023-10-30T09:38:29+00:00","dateModified":"2023-10-30T09:38:30+00:00","breadcrumb":{"@id":"https:\/\/domedelaviere.com\/index.php\/page1-2\/#breadcrumb"},"inLanguage":"fr-FR","potentialAction":[{"@type":"ReadAction","target":["https:\/\/domedelaviere.com\/index.php\/page1-2\/"]}]},{"@type":"BreadcrumbList","@id":"https:\/\/domedelaviere.com\/index.php\/page1-2\/#breadcrumb","itemListElement":[{"@type":"ListItem","position":1,"name":"Accueil","item":"https:\/\/domedelaviere.com\/"},{"@type":"ListItem","position":2,"name":"Page1"}]},{"@type":"WebSite","@id":"https:\/\/domedelaviere.com\/#website","url":"https:\/\/domedelaviere.com\/","name":"Domaine de la Vi\u00e8re","description":"Domaine \u00e0 Saint-Thib\u00e9ry","publisher":{"@id":"https:\/\/domedelaviere.com\/#organization"},"potentialAction":[{"@type":"SearchAction","target":{"@type":"EntryPoint","urlTemplate":"https:\/\/domedelaviere.com\/?s={search_term_string}"},"query-input":{"@type":"PropertyValueSpecification","valueRequired":true,"valueName":"search_term_string"}}],"inLanguage":"fr-FR"},{"@type":"Organization","@id":"https:\/\/domedelaviere.com\/#organization","name":"Domaine de la Vi\u00e8re","url":"https:\/\/domedelaviere.com\/","logo":{"@type":"ImageObject","inLanguage":"fr-FR","@id":"https:\/\/domedelaviere.com\/#\/schema\/logo\/image\/","url":"https:\/\/domedelaviere.com\/wp-content\/uploads\/2023\/11\/cropped-cropped-logo-resize-2.png","contentUrl":"https:\/\/domedelaviere.com\/wp-content\/uploads\/2023\/11\/cropped-cropped-logo-resize-2.png","width":300,"height":219,"caption":"Domaine de la Vi\u00e8re"},"image":{"@id":"https:\/\/domedelaviere.com\/#\/schema\/logo\/image\/"}}]}},"_links":{"self":[{"href":"https:\/\/domedelaviere.com\/index.php\/wp-json\/wp\/v2\/pages\/13","targetHints":{"allow":["GET"]}}],"collection":[{"href":"https:\/\/domedelaviere.com\/index.php\/wp-json\/wp\/v2\/pages"}],"about":[{"href":"https:\/\/domedelaviere.com\/index.php\/wp-json\/wp\/v2\/types\/page"}],"author":[{"embeddable":true,"href":"https:\/\/domedelaviere.com\/index.php\/wp-json\/wp\/v2\/users\/1"}],"replies":[{"embeddable":true,"href":"https:\/\/domedelaviere.com\/index.php\/wp-json\/wp\/v2\/comments?post=13"}],"version-history":[{"count":1,"href":"https:\/\/domedelaviere.com\/index.php\/wp-json\/wp\/v2\/pages\/13\/revisions"}],"predecessor-version":[{"id":14,"href":"https:\/\/domedelaviere.com\/index.php\/wp-json\/wp\/v2\/pages\/13\/revisions\/14"}],"wp:attachment":[{"href":"https:\/\/domedelaviere.com\/index.php\/wp-json\/wp\/v2\/media?parent=13"}],"curies":[{"name":"wp","href":"https:\/\/api.w.org\/{rel}","templated":true}]}}